{"id":1284,"date":"2024-04-30T16:03:15","date_gmt":"2024-04-30T14:03:15","guid":{"rendered":"https:\/\/datos.be\/kantoorartikelen\/"},"modified":"2024-05-16T15:38:43","modified_gmt":"2024-05-16T13:38:43","slug":"fournitures-de-bureau","status":"publish","type":"page","link":"https:\/\/datos.be\/fr\/fournitures-de-bureau\/","title":{"rendered":"Fournitures de bureau"},"content":{"rendered":"\t\t<div data-elementor-type=\"wp-page\" data-elementor-id=\"1284\" class=\"elementor elementor-1284 elementor-605\" data-elementor-post-type=\"page\">\n\t\t\t\t<div class=\"elementor-element elementor-element-cf54f73 e-con-full e-flex e-con e-parent\" data-id=\"cf54f73\" data-element_type=\"container\" data-settings=\"{&quot;background_background&quot;:&quot;classic&quot;}\">\n\t\t<div class=\"elementor-element elementor-element-52053af e-con-full e-flex e-con e-child\" data-id=\"52053af\" data-element_type=\"container\">\n\t\t<div class=\"elementor-element elementor-element-4f9be7a e-grid e-con-full e-con e-child\" data-id=\"4f9be7a\" data-element_type=\"container\">\n\t\t<div class=\"elementor-element elementor-element-0a7ff22 e-con-full e-grid e-con e-child\" data-id=\"0a7ff22\" data-element_type=\"container\" data-aos=\"fade-right\">\n\t\t\t\t<div class=\"elementor-element elementor-element-39c4d2f elementor-widget elementor-widget-image\" data-id=\"39c4d2f\" data-element_type=\"widget\" data-widget_type=\"image.default\">\n\t\t\t\t<div class=\"elementor-widget-container\">\n\t\t\t<style>\/*! elementor - v3.22.0 - 26-06-2024 *\/\n.elementor-widget-image{text-align:center}.elementor-widget-image a{display:inline-block}.elementor-widget-image a img[src$=\".svg\"]{width:48px}.elementor-widget-image img{vertical-align:middle;display:inline-block}<\/style>\t\t\t\t\t\t\t\t\t\t<img fetchpriority=\"high\" decoding=\"async\" width=\"2252\" height=\"2160\" src=\"https:\/\/datos.be\/wp-content\/uploads\/2024\/04\/banner-calipage.jpg\" class=\"attachment-full size-full wp-image-610\" alt=\"\" srcset=\"https:\/\/datos.be\/wp-content\/uploads\/2024\/04\/banner-calipage.jpg 2252w, https:\/\/datos.be\/wp-content\/uploads\/2024\/04\/banner-calipage-300x288.jpg 300w, https:\/\/datos.be\/wp-content\/uploads\/2024\/04\/banner-calipage-1024x982.jpg 1024w, https:\/\/datos.be\/wp-content\/uploads\/2024\/04\/banner-calipage-768x737.jpg 768w, https:\/\/datos.be\/wp-content\/uploads\/2024\/04\/banner-calipage-1536x1473.jpg 1536w, https:\/\/datos.be\/wp-content\/uploads\/2024\/04\/banner-calipage-2048x1964.jpg 2048w\" sizes=\"(max-width: 2252px) 100vw, 2252px\" \/>\t\t\t\t\t\t\t\t\t\t\t\t\t<\/div>\n\t\t\t\t<\/div>\n\t\t\t\t<div class=\"elementor-element elementor-element-04fa666 elementor-absolute elementor-hidden-mobile elementor-widget elementor-widget-image\" data-id=\"04fa666\" data-element_type=\"widget\" data-settings=\"{&quot;_position&quot;:&quot;absolute&quot;}\" data-widget_type=\"image.default\">\n\t\t\t\t<div class=\"elementor-widget-container\">\n\t\t\t\t\t\t\t\t\t\t\t\t\t<img decoding=\"async\" width=\"510\" height=\"551\" src=\"https:\/\/datos.be\/wp-content\/uploads\/2024\/04\/d-watermark-white.svg\" class=\"attachment-full size-full wp-image-575\" alt=\"\" \/>\t\t\t\t\t\t\t\t\t\t\t\t\t<\/div>\n\t\t\t\t<\/div>\n\t\t\t\t<\/div>\n\t\t<div class=\"elementor-element elementor-element-3ea01e0 e-con-full e-flex e-con e-child\" data-id=\"3ea01e0\" data-element_type=\"container\" data-aos=\"fade-left\">\n\t\t\t\t<div class=\"elementor-element elementor-element-a9a91f2 page-title elementor-widget elementor-widget-heading\" data-id=\"a9a91f2\" data-element_type=\"widget\" data-widget_type=\"heading.default\">\n\t\t\t\t<div class=\"elementor-widget-container\">\n\t\t\t<style>\/*! elementor - v3.22.0 - 26-06-2024 *\/\n.elementor-heading-title{padding:0;margin:0;line-height:1}.elementor-widget-heading .elementor-heading-title[class*=elementor-size-]>a{color:inherit;font-size:inherit;line-height:inherit}.elementor-widget-heading .elementor-heading-title.elementor-size-small{font-size:15px}.elementor-widget-heading .elementor-heading-title.elementor-size-medium{font-size:19px}.elementor-widget-heading .elementor-heading-title.elementor-size-large{font-size:29px}.elementor-widget-heading .elementor-heading-title.elementor-size-xl{font-size:39px}.elementor-widget-heading .elementor-heading-title.elementor-size-xxl{font-size:59px}<\/style><h1 class=\"elementor-heading-title elementor-size-default\">Fournitures de bureau<\/h1>\t\t<\/div>\n\t\t\t\t<\/div>\n\t\t\t\t<div class=\"elementor-element elementor-element-d145c48 elementor-widget elementor-widget-text-editor\" data-id=\"d145c48\" data-element_type=\"widget\" data-widget_type=\"text-editor.default\">\n\t\t\t\t<div class=\"elementor-widget-container\">\n\t\t\t<style>\/*! elementor - v3.22.0 - 26-06-2024 *\/\n.elementor-widget-text-editor.elementor-drop-cap-view-stacked .elementor-drop-cap{background-color:#69727d;color:#fff}.elementor-widget-text-editor.elementor-drop-cap-view-framed .elementor-drop-cap{color:#69727d;border:3px solid;background-color:transparent}.elementor-widget-text-editor:not(.elementor-drop-cap-view-default) .elementor-drop-cap{margin-top:8px}.elementor-widget-text-editor:not(.elementor-drop-cap-view-default) .elementor-drop-cap-letter{width:1em;height:1em}.elementor-widget-text-editor .elementor-drop-cap{float:left;text-align:center;line-height:1;font-size:50px}.elementor-widget-text-editor .elementor-drop-cap-letter{display:inline-block}<\/style>\t\t\t\t<p>Avec Calipage, DATOS est l\u00e0 pour r\u00e9pondre \u00e0 tous vos besoins en fournitures de bureau ! Que vous recherchiez du papier d&#8217;impression, des imprimantes d&#8217;\u00e9tiquettes, des articles de papeterie, des ensembles de bureau, des fournitures d&#8217;exp\u00e9dition ou du mat\u00e9riel de dessin, vous trouverez dans notre boutique en ligne tout ce dont vous avez besoin pour votre entreprise.<\/p>\t\t\t\t\t\t<\/div>\n\t\t\t\t<\/div>\n\t\t\t\t<div class=\"elementor-element elementor-element-d801514 elementor-widget elementor-widget-button\" data-id=\"d801514\" data-element_type=\"widget\" data-widget_type=\"button.default\">\n\t\t\t\t<div class=\"elementor-widget-container\">\n\t\t\t\t\t<div class=\"elementor-button-wrapper\">\n\t\t\t<a class=\"elementor-button elementor-button-link elementor-size-sm\" href=\"https:\/\/datos.calipage.be\/\" target=\"_blank\">\n\t\t\t\t\t\t<span class=\"elementor-button-content-wrapper\">\n\t\t\t\t\t\t\t\t\t<span class=\"elementor-button-text\">Vers notre boutique en ligne<\/span>\n\t\t\t\t\t<\/span>\n\t\t\t\t\t<\/a>\n\t\t<\/div>\n\t\t\t\t<\/div>\n\t\t\t\t<\/div>\n\t\t\t\t<\/div>\n\t\t\t\t<\/div>\n\t\t\t\t<\/div>\n\t\t\t\t<\/div>\n\t\t\t\t<\/div>\n\t\t","protected":false},"excerpt":{"rendered":"<p>Fournitures de bureau Avec Calipage, DATOS est l\u00e0 pour r\u00e9pondre \u00e0 tous vos besoins en fournitures de bureau ! Que vous recherchiez du papier d&#8217;impression, des imprimantes d&#8217;\u00e9tiquettes, des articles de papeterie, des ensembles de bureau, des fournitures d&#8217;exp\u00e9dition ou du mat\u00e9riel de dessin, vous trouverez dans notre boutique en ligne tout ce dont vous [&hellip;]<\/p>\n","protected":false},"author":2,"featured_media":0,"parent":0,"menu_order":0,"comment_status":"closed","ping_status":"closed","template":"","meta":{"footnotes":""},"class_list":["post-1284","page","type-page","status-publish","hentry"],"_links":{"self":[{"href":"https:\/\/datos.be\/fr\/wp-json\/wp\/v2\/pages\/1284","targetHints":{"allow":["GET"]}}],"collection":[{"href":"https:\/\/datos.be\/fr\/wp-json\/wp\/v2\/pages"}],"about":[{"href":"https:\/\/datos.be\/fr\/wp-json\/wp\/v2\/types\/page"}],"author":[{"embeddable":true,"href":"https:\/\/datos.be\/fr\/wp-json\/wp\/v2\/users\/2"}],"replies":[{"embeddable":true,"href":"https:\/\/datos.be\/fr\/wp-json\/wp\/v2\/comments?post=1284"}],"version-history":[{"count":5,"href":"https:\/\/datos.be\/fr\/wp-json\/wp\/v2\/pages\/1284\/revisions"}],"predecessor-version":[{"id":1923,"href":"https:\/\/datos.be\/fr\/wp-json\/wp\/v2\/pages\/1284\/revisions\/1923"}],"wp:attachment":[{"href":"https:\/\/datos.be\/fr\/wp-json\/wp\/v2\/media?parent=1284"}],"curies":[{"name":"wp","href":"https:\/\/api.w.org\/{rel}","templated":true}]}}