{"id":1280,"date":"2024-04-30T15:50:43","date_gmt":"2024-04-30T13:50:43","guid":{"rendered":"https:\/\/datos.be\/helpdesk\/"},"modified":"2024-05-16T15:37:34","modified_gmt":"2024-05-16T13:37:34","slug":"helpdesk","status":"publish","type":"page","link":"https:\/\/datos.be\/fr\/helpdesk\/","title":{"rendered":"Helpdesk"},"content":{"rendered":"\t\t<div data-elementor-type=\"wp-page\" data-elementor-id=\"1280\" class=\"elementor elementor-1280 elementor-567\" data-elementor-post-type=\"page\">\n\t\t\t\t<div class=\"elementor-element elementor-element-cf54f73 e-con-full e-flex e-con e-parent\" data-id=\"cf54f73\" data-element_type=\"container\" data-settings=\"{&quot;background_background&quot;:&quot;classic&quot;}\">\n\t\t<div class=\"elementor-element elementor-element-52053af e-con-full e-flex e-con e-child\" data-id=\"52053af\" data-element_type=\"container\">\n\t\t<div class=\"elementor-element elementor-element-4f9be7a e-grid e-con-full e-con e-child\" data-id=\"4f9be7a\" data-element_type=\"container\">\n\t\t<div class=\"elementor-element elementor-element-0a7ff22 e-con-full e-grid e-con e-child\" data-id=\"0a7ff22\" data-element_type=\"container\" data-aos=\"fade-right\">\n\t\t\t\t<div class=\"elementor-element elementor-element-39c4d2f elementor-widget elementor-widget-image\" data-id=\"39c4d2f\" data-element_type=\"widget\" data-widget_type=\"image.default\">\n\t\t\t\t<div class=\"elementor-widget-container\">\n\t\t\t<style>\/*! elementor - v3.22.0 - 26-06-2024 *\/\n.elementor-widget-image{text-align:center}.elementor-widget-image a{display:inline-block}.elementor-widget-image a img[src$=\".svg\"]{width:48px}.elementor-widget-image img{vertical-align:middle;display:inline-block}<\/style>\t\t\t\t\t\t\t\t\t\t<img fetchpriority=\"high\" decoding=\"async\" width=\"1800\" height=\"1653\" src=\"https:\/\/datos.be\/wp-content\/uploads\/2024\/04\/banner-helpdesk.jpg\" class=\"attachment-full size-full wp-image-570\" alt=\"\" srcset=\"https:\/\/datos.be\/wp-content\/uploads\/2024\/04\/banner-helpdesk.jpg 1800w, https:\/\/datos.be\/wp-content\/uploads\/2024\/04\/banner-helpdesk-300x276.jpg 300w, https:\/\/datos.be\/wp-content\/uploads\/2024\/04\/banner-helpdesk-1024x940.jpg 1024w, https:\/\/datos.be\/wp-content\/uploads\/2024\/04\/banner-helpdesk-768x705.jpg 768w, https:\/\/datos.be\/wp-content\/uploads\/2024\/04\/banner-helpdesk-1536x1411.jpg 1536w\" sizes=\"(max-width: 1800px) 100vw, 1800px\" \/>\t\t\t\t\t\t\t\t\t\t\t\t\t<\/div>\n\t\t\t\t<\/div>\n\t\t\t\t<div class=\"elementor-element elementor-element-04fa666 elementor-absolute elementor-hidden-mobile elementor-widget elementor-widget-image\" data-id=\"04fa666\" data-element_type=\"widget\" data-settings=\"{&quot;_position&quot;:&quot;absolute&quot;}\" data-widget_type=\"image.default\">\n\t\t\t\t<div class=\"elementor-widget-container\">\n\t\t\t\t\t\t\t\t\t\t\t\t\t<img decoding=\"async\" width=\"510\" height=\"551\" src=\"https:\/\/datos.be\/wp-content\/uploads\/2024\/04\/d-watermark-white.svg\" class=\"attachment-full size-full wp-image-575\" alt=\"\" \/>\t\t\t\t\t\t\t\t\t\t\t\t\t<\/div>\n\t\t\t\t<\/div>\n\t\t\t\t<\/div>\n\t\t<div class=\"elementor-element elementor-element-3ea01e0 e-con-full e-flex e-con e-child\" data-id=\"3ea01e0\" data-element_type=\"container\" data-aos=\"fade-left\">\n\t\t\t\t<div class=\"elementor-element elementor-element-a9a91f2 page-title elementor-widget elementor-widget-heading\" data-id=\"a9a91f2\" data-element_type=\"widget\" data-widget_type=\"heading.default\">\n\t\t\t\t<div class=\"elementor-widget-container\">\n\t\t\t<style>\/*! elementor - v3.22.0 - 26-06-2024 *\/\n.elementor-heading-title{padding:0;margin:0;line-height:1}.elementor-widget-heading .elementor-heading-title[class*=elementor-size-]>a{color:inherit;font-size:inherit;line-height:inherit}.elementor-widget-heading .elementor-heading-title.elementor-size-small{font-size:15px}.elementor-widget-heading .elementor-heading-title.elementor-size-medium{font-size:19px}.elementor-widget-heading .elementor-heading-title.elementor-size-large{font-size:29px}.elementor-widget-heading .elementor-heading-title.elementor-size-xl{font-size:39px}.elementor-widget-heading .elementor-heading-title.elementor-size-xxl{font-size:59px}<\/style><h1 class=\"elementor-heading-title elementor-size-default\">Helpdesk<\/h1>\t\t<\/div>\n\t\t\t\t<\/div>\n\t\t\t\t<div class=\"elementor-element elementor-element-d145c48 elementor-widget elementor-widget-text-editor\" data-id=\"d145c48\" data-element_type=\"widget\" data-widget_type=\"text-editor.default\">\n\t\t\t\t<div class=\"elementor-widget-container\">\n\t\t\t<style>\/*! elementor - v3.22.0 - 26-06-2024 *\/\n.elementor-widget-text-editor.elementor-drop-cap-view-stacked .elementor-drop-cap{background-color:#69727d;color:#fff}.elementor-widget-text-editor.elementor-drop-cap-view-framed .elementor-drop-cap{color:#69727d;border:3px solid;background-color:transparent}.elementor-widget-text-editor:not(.elementor-drop-cap-view-default) .elementor-drop-cap{margin-top:8px}.elementor-widget-text-editor:not(.elementor-drop-cap-view-default) .elementor-drop-cap-letter{width:1em;height:1em}.elementor-widget-text-editor .elementor-drop-cap{float:left;text-align:center;line-height:1;font-size:50px}.elementor-widget-text-editor .elementor-drop-cap-letter{display:inline-block}<\/style>\t\t\t\t<p>Rencontrez-vous un probl\u00e8me et avez-vous besoin d&#8217;aide ? Il vous suffit de vous connecter via TeamViewer, et nous prendrons le contr\u00f4le de votre ordinateur \u00e0 distance pour vous offrir une assistance imm\u00e9diate !<\/p>\t\t\t\t\t\t<\/div>\n\t\t\t\t<\/div>\n\t\t\t\t<div class=\"elementor-element elementor-element-d801514 elementor-widget elementor-widget-button\" data-id=\"d801514\" data-element_type=\"widget\" data-widget_type=\"button.default\">\n\t\t\t\t<div class=\"elementor-widget-container\">\n\t\t\t\t\t<div class=\"elementor-button-wrapper\">\n\t\t\t<a class=\"elementor-button elementor-button-link elementor-size-sm\" href=\"http:\/\/get.teamviewer.com\/DatosQS\" target=\"_blank\">\n\t\t\t\t\t\t<span class=\"elementor-button-content-wrapper\">\n\t\t\t\t\t\t\t\t\t<span class=\"elementor-button-text\">Connectez-vous via Teamviewer<\/span>\n\t\t\t\t\t<\/span>\n\t\t\t\t\t<\/a>\n\t\t<\/div>\n\t\t\t\t<\/div>\n\t\t\t\t<\/div>\n\t\t\t\t<\/div>\n\t\t\t\t<\/div>\n\t\t\t\t<\/div>\n\t\t\t\t<\/div>\n\t\t\t\t<\/div>\n\t\t","protected":false},"excerpt":{"rendered":"<p>Helpdesk Rencontrez-vous un probl\u00e8me et avez-vous besoin d&#8217;aide ? Il vous suffit de vous connecter via TeamViewer, et nous prendrons le contr\u00f4le de votre ordinateur \u00e0 distance pour vous offrir une assistance imm\u00e9diate ! Connectez-vous via Teamviewer<\/p>\n","protected":false},"author":2,"featured_media":0,"parent":0,"menu_order":0,"comment_status":"closed","ping_status":"closed","template":"","meta":{"footnotes":""},"class_list":["post-1280","page","type-page","status-publish","hentry"],"_links":{"self":[{"href":"https:\/\/datos.be\/fr\/wp-json\/wp\/v2\/pages\/1280","targetHints":{"allow":["GET"]}}],"collection":[{"href":"https:\/\/datos.be\/fr\/wp-json\/wp\/v2\/pages"}],"about":[{"href":"https:\/\/datos.be\/fr\/wp-json\/wp\/v2\/types\/page"}],"author":[{"embeddable":true,"href":"https:\/\/datos.be\/fr\/wp-json\/wp\/v2\/users\/2"}],"replies":[{"embeddable":true,"href":"https:\/\/datos.be\/fr\/wp-json\/wp\/v2\/comments?post=1280"}],"version-history":[{"count":5,"href":"https:\/\/datos.be\/fr\/wp-json\/wp\/v2\/pages\/1280\/revisions"}],"predecessor-version":[{"id":1917,"href":"https:\/\/datos.be\/fr\/wp-json\/wp\/v2\/pages\/1280\/revisions\/1917"}],"wp:attachment":[{"href":"https:\/\/datos.be\/fr\/wp-json\/wp\/v2\/media?parent=1280"}],"curies":[{"name":"wp","href":"https:\/\/api.w.org\/{rel}","templated":true}]}}